{"id":101,"date":"2018-07-04T11:52:42","date_gmt":"2018-07-04T14:52:42","guid":{"rendered":"http:\/\/badpeople.esy.es\/?page_id=101"},"modified":"2019-01-12T20:50:02","modified_gmt":"2019-01-12T23:50:02","slug":"101-2","status":"publish","type":"page","link":"https:\/\/badpeople.esy.es\/index.php\/101-2\/","title":{"rendered":""},"content":{"rendered":"<p><img data-attachment-id=\"108\" data-permalink=\"https:\/\/badpeople.esy.es\/index.php\/101-2\/20989179_1796965876983584_6524409014370481313_o\/\" data-orig-file=\"https:\/\/i2.wp.com\/badpeople.esy.es\/wp-content\/uploads\/2018\/07\/20989179_1796965876983584_6524409014370481313_o.jpg?fit=2048%2C1152&amp;ssl=1\" data-orig-size=\"2048,1152\" data-comments-opened=\"1\" data-image-meta=\"{&quot;aperture&quot;:&quot;0&quot;,&quot;credit&quot;:&quot;&quot;,&quot;camera&quot;:&quot;&quot;,&quot;caption&quot;:&quot;&quot;,&quot;created_timestamp&quot;:&quot;0&quot;,&quot;copyright&quot;:&quot;&quot;,&quot;focal_length&quot;:&quot;0&quot;,&quot;iso&quot;:&quot;0&quot;,&quot;shutter_speed&quot;:&quot;0&quot;,&quot;title&quot;:&quot;&quot;,&quot;orientation&quot;:&quot;0&quot;}\" data-image-title=\"20989179_1796965876983584_6524409014370481313_o\" data-image-description=\"\" data-medium-file=\"https:\/\/i2.wp.com\/badpeople.esy.es\/wp-content\/uploads\/2018\/07\/20989179_1796965876983584_6524409014370481313_o.jpg?fit=300%2C169&amp;ssl=1\" data-large-file=\"https:\/\/i2.wp.com\/badpeople.esy.es\/wp-content\/uploads\/2018\/07\/20989179_1796965876983584_6524409014370481313_o.jpg?fit=980%2C551&amp;ssl=1\" decoding=\"async\" loading=\"lazy\" class=\"aligncenter wp-image-108 \" src=\"https:\/\/i2.wp.com\/badpeople.esy.es\/wp-content\/uploads\/2018\/07\/20989179_1796965876983584_6524409014370481313_o.jpg?resize=798%2C450\" alt=\"\" width=\"798\" height=\"450\" srcset=\"https:\/\/i2.wp.com\/badpeople.esy.es\/wp-content\/uploads\/2018\/07\/20989179_1796965876983584_6524409014370481313_o.jpg?resize=300%2C169&amp;ssl=1 300w, https:\/\/i2.wp.com\/badpeople.esy.es\/wp-content\/uploads\/2018\/07\/20989179_1796965876983584_6524409014370481313_o.jpg?resize=768%2C432&amp;ssl=1 768w, https:\/\/i2.wp.com\/badpeople.esy.es\/wp-content\/uploads\/2018\/07\/20989179_1796965876983584_6524409014370481313_o.jpg?resize=1024%2C576&amp;ssl=1 1024w, https:\/\/i2.wp.com\/badpeople.esy.es\/wp-content\/uploads\/2018\/07\/20989179_1796965876983584_6524409014370481313_o.jpg?resize=600%2C338&amp;ssl=1 600w, https:\/\/i2.wp.com\/badpeople.esy.es\/wp-content\/uploads\/2018\/07\/20989179_1796965876983584_6524409014370481313_o.jpg?w=2048&amp;ssl=1 2048w, https:\/\/i2.wp.com\/badpeople.esy.es\/wp-content\/uploads\/2018\/07\/20989179_1796965876983584_6524409014370481313_o.jpg?w=1960 1960w\" sizes=\"(max-width: 798px) 100vw, 798px\" data-recalc-dims=\"1\" \/><\/p>\n<p>Somos un grupo de gente que practicamos esta disciplina, en su mayor\u00eda principiantes pero con mucho entusiasmo por este hermoso deporte.<\/p>\n<p>Lo Realizamos de forma gratuita en la Subsecretaria de Deporte Social Barrial ubicada en C\u00f3rdoba 2300 (Ex 69), Posadas, Misiones.<\/p>\n<p>El b\u00e1dminton es un deporte de raqueta en el que se enfrentan dos jugadores (individuales o singles) o dos parejas (dobles). Los jugadores o parejas se sit\u00faan en las mitades opuestas de una pista rectangular dividida por una red. A diferencia de otros deportes de raqueta, en el b\u00e1dminton no se juega con pelota, sino con un proyectil llamado volante, mosca o pluma, el cual consta de una semiesfera (a modo de pelota) circundada en su base por plumas. Tal dise\u00f1o ofrece resistencia aerodin\u00e1mica al trayecto del proyectil, otorgando cadencia a los movimientos y evitando su desv\u00edo en caso de viento. Asimismo las competiciones se celebran en recintos cerrados. Los jugadores deben golpear el volante con sus raquetas para que \u00e9ste cruce la pista por encima de la red y caiga en el sector oponente. El punto finaliza cuando la pluma toca el suelo, para sobrepasar la red. El b\u00e1dminton es desde 1992 un deporte ol\u00edmpico en cinco modalidades: individuales masculino y femenino, dobles masculino y femenino, y dobles mixto, d\u00f3nde la pareja est\u00e1 compuesta por un hombre y una mujer. Para un alto nivel de juego, este deporte requiere resistencia aer\u00f3bica, fuerza y velocidad. Tambi\u00e9n es un deporte t\u00e9cnico, con altas exigencias de coordinaci\u00f3n y habilidad con la raqueta.<\/p>\n","protected":false},"excerpt":{"rendered":"<p>Somos un grupo de gente que practicamos esta disciplina, en su mayor\u00eda principiantes pero con mucho entusiasmo por este hermoso deporte. Lo Realizamos de forma gratuita en la Subsecretaria de Deporte Social Barrial ubicada en C\u00f3rdoba 2300 (Ex 69), Posadas, Misiones. El b\u00e1dminton es un deporte de raqueta en el que se enfrentan dos jugadores [&hellip;]<\/p>\n","protected":false},"author":1,"featured_media":98,"parent":0,"menu_order":0,"comment_status":"closed","ping_status":"closed","template":"","meta":{"spay_email":"","footnotes":""},"jetpack_sharing_enabled":true,"jetpack_shortlink":"https:\/\/wp.me\/PaLQno-1D","jetpack-related-posts":[{"id":259,"url":"https:\/\/badpeople.esy.es\/index.php\/el-grupo\/","url_meta":{"origin":101,"position":0},"title":"El Grupo","date":"12 enero, 2019","format":false,"excerpt":"Somos un grupo de gente que practicamos esta disciplina, en su mayor\u00eda principiantes pero con mucho entusiasmo por este hermoso deporte. Lo Realizamos de forma gratuita en la Subsecretaria de Deporte Social Barrial ubicada en C\u00f3rdoba 2300 (Ex 69), Posadas, Misiones. El b\u00e1dminton es un deporte de raqueta en el\u2026","rel":"","context":"Entrada similar ","img":{"alt_text":"","src":"https:\/\/i2.wp.com\/badpeople.esy.es\/wp-content\/uploads\/2018\/07\/20989179_1796965876983584_6524409014370481313_o-300x169.jpg?resize=350%2C200","width":350,"height":200},"classes":[]},{"id":2,"url":"https:\/\/badpeople.esy.es\/index.php\/pagina-ejemplo\/","url_meta":{"origin":101,"position":1},"title":"Primer Torneo Provincial de Badminton\u2026","date":"3 julio, 2018","format":false,"excerpt":"Primer Torneo Provincial de Badminton \u00abPosadas 2018\u00bb Este torneo tiene como objetivo integrar e interactuar con jugadores de toda la provincia, como tambi\u00e9n del Paraguay. Persiguiendo este objetivo, organizamos una jornada de juego intenso, durante la cual se priorizar\u00e1 la camader\u00eda y la diversi\u00f3n. Primer Aclaraci\u00f3n: es importante comunicar que\u2026","rel":"","context":"Entrada similar ","img":{"alt_text":"","src":"https:\/\/i0.wp.com\/badpeople.esy.es\/wp-content\/uploads\/2018\/07\/cabecera-torneo1_Mesa-de-trabajo-1_Mesa-de-trabajo-1.jpg?fit=1200%2C280&ssl=1&resize=350%2C200","width":350,"height":200},"classes":[]},{"id":267,"url":"https:\/\/badpeople.esy.es\/index.php\/inscripcion-al-encuentro\/","url_meta":{"origin":101,"position":2},"title":"Inscripci\u00f3n al encuentro","date":"3 marzo, 2019","format":false,"excerpt":"El encuentro de badminton del dia sabado 9 de marzo a las 14hs.,\u00a0 persigue contactar a los jugadores, saber la cantidad que existen en la zona y tener informaci\u00f3n de sus contactos. De esta forma ser\u00e1 m\u00e1s sencilla la organizaci\u00f3n de torneos y la correspondiente invitaci\u00f3n a los jugadores, interesados.\u2026","rel":"","context":"Entrada similar ","img":{"alt_text":"","src":"https:\/\/i0.wp.com\/badpeople.esy.es\/wp-content\/uploads\/2019\/03\/censo-cabecera-01-1.jpg?fit=1200%2C282&ssl=1&resize=350%2C200","width":350,"height":200},"classes":[]}],"_links":{"self":[{"href":"https:\/\/badpeople.esy.es\/index.php\/wp-json\/wp\/v2\/pages\/101"}],"collection":[{"href":"https:\/\/badpeople.esy.es\/index.php\/wp-json\/wp\/v2\/pages"}],"about":[{"href":"https:\/\/badpeople.esy.es\/index.php\/wp-json\/wp\/v2\/types\/page"}],"author":[{"embeddable":true,"href":"https:\/\/badpeople.esy.es\/index.php\/wp-json\/wp\/v2\/users\/1"}],"replies":[{"embeddable":true,"href":"https:\/\/badpeople.esy.es\/index.php\/wp-json\/wp\/v2\/comments?post=101"}],"version-history":[{"count":7,"href":"https:\/\/badpeople.esy.es\/index.php\/wp-json\/wp\/v2\/pages\/101\/revisions"}],"predecessor-version":[{"id":261,"href":"https:\/\/badpeople.esy.es\/index.php\/wp-json\/wp\/v2\/pages\/101\/revisions\/261"}],"wp:featuredmedia":[{"embeddable":true,"href":"https:\/\/badpeople.esy.es\/index.php\/wp-json\/wp\/v2\/media\/98"}],"wp:attachment":[{"href":"https:\/\/badpeople.esy.es\/index.php\/wp-json\/wp\/v2\/media?parent=101"}],"curies":[{"name":"wp","href":"https:\/\/api.w.org\/{rel}","templated":true}]}}