{"id":161,"date":"2018-07-09T17:55:33","date_gmt":"2018-07-09T20:55:33","guid":{"rendered":"http:\/\/badpeople.esy.es\/?page_id=161"},"modified":"2018-07-09T18:21:52","modified_gmt":"2018-07-09T21:21:52","slug":"contacto","status":"publish","type":"page","link":"https:\/\/badpeople.esy.es\/index.php\/contacto\/","title":{"rendered":"Contacto"},"content":{"rendered":"<div class=\"wpforms-container wpforms-container-full\" id=\"wpforms-172\"><form id=\"wpforms-form-172\" class=\"wpforms-validate wpforms-form\" data-formid=\"172\" method=\"post\" enctype=\"multipart\/form-data\" action=\"\/index.php\/wp-json\/wp\/v2\/pages\/161\" data-token=\"a2882e1944af5e01c37118fa7bd6d98a\"><noscript class=\"wpforms-error-noscript\">Please enable JavaScript in your browser to complete this form.<\/noscript><div class=\"wpforms-field-container\"><div id=\"wpforms-172-field_0-container\" class=\"wpforms-field wpforms-field-name\" data-field-id=\"0\"><label class=\"wpforms-field-label\" for=\"wpforms-172-field_0\">Nombre y Apellido <span class=\"wpforms-required-label\">*<\/span><\/label><input type=\"text\" id=\"wpforms-172-field_0\" class=\"wpforms-field-medium wpforms-field-required\" name=\"wpforms[fields][0]\" required><\/div><div id=\"wpforms-172-field_1-container\" class=\"wpforms-field wpforms-field-email\" data-field-id=\"1\"><label class=\"wpforms-field-label\" for=\"wpforms-172-field_1\">Email <span class=\"wpforms-required-label\">*<\/span><\/label><input type=\"email\" id=\"wpforms-172-field_1\" class=\"wpforms-field-medium wpforms-field-required\" name=\"wpforms[fields][1]\" required><\/div><div id=\"wpforms-172-field_2-container\" class=\"wpforms-field wpforms-field-textarea\" data-field-id=\"2\"><label class=\"wpforms-field-label\" for=\"wpforms-172-field_2\">Mensaje <span class=\"wpforms-required-label\">*<\/span><\/label><textarea id=\"wpforms-172-field_2\" class=\"wpforms-field-medium wpforms-field-required\" name=\"wpforms[fields][2]\" required><\/textarea><\/div><\/div><div class=\"wpforms-field wpforms-field-hp\"><label for=\"wpforms-172-field-hp\" class=\"wpforms-field-label\">Website<\/label><input type=\"text\" name=\"wpforms[hp]\" id=\"wpforms-172-field-hp\" class=\"wpforms-field-medium\"><\/div><div class=\"wpforms-submit-container\" ><input type=\"hidden\" name=\"wpforms[id]\" value=\"172\"><input type=\"hidden\" name=\"wpforms[author]\" value=\"1\"><button type=\"submit\" name=\"wpforms[submit]\" class=\"wpforms-submit \" id=\"wpforms-submit-172\" value=\"wpforms-submit\" aria-live=\"assertive\" data-alt-text=\"Enviando...\" data-submit-text=\"Enviar\">Enviar<\/button><\/div><\/form><\/div>  <!-- .wpforms-container -->\n","protected":false},"excerpt":{"rendered":"","protected":false},"author":1,"featured_media":0,"parent":0,"menu_order":0,"comment_status":"closed","ping_status":"closed","template":"","meta":{"spay_email":"","footnotes":""},"jetpack_sharing_enabled":true,"jetpack_shortlink":"https:\/\/wp.me\/PaLQno-2B","jetpack-related-posts":[{"id":310,"url":"https:\/\/badpeople.esy.es\/index.php\/clinica\/","url_meta":{"origin":161,"position":0},"title":"","date":"16 noviembre, 2019","format":false,"excerpt":"","rel":"","context":"Entrada similar ","img":{"alt_text":"","src":"https:\/\/i1.wp.com\/badpeople.esy.es\/wp-content\/uploads\/2019\/11\/baner-web_Mesa-de-trabajo-1_Mesa-de-trabajo-1.jpg?fit=1200%2C478&ssl=1&resize=350%2C200","width":350,"height":200},"classes":[]},{"id":267,"url":"https:\/\/badpeople.esy.es\/index.php\/inscripcion-al-encuentro\/","url_meta":{"origin":161,"position":1},"title":"Inscripci\u00f3n al encuentro","date":"3 marzo, 2019","format":false,"excerpt":"El encuentro de badminton del dia sabado 9 de marzo a las 14hs.,\u00a0 persigue contactar a los jugadores, saber la cantidad que existen en la zona y tener informaci\u00f3n de sus contactos. De esta forma ser\u00e1 m\u00e1s sencilla la organizaci\u00f3n de torneos y la correspondiente invitaci\u00f3n a los jugadores, interesados.\u2026","rel":"","context":"Entrada similar ","img":{"alt_text":"","src":"https:\/\/i0.wp.com\/badpeople.esy.es\/wp-content\/uploads\/2019\/03\/censo-cabecera-01-1.jpg?fit=1200%2C282&ssl=1&resize=350%2C200","width":350,"height":200},"classes":[]},{"id":2,"url":"https:\/\/badpeople.esy.es\/index.php\/pagina-ejemplo\/","url_meta":{"origin":161,"position":2},"title":"Primer Torneo Provincial de Badminton\u2026","date":"3 julio, 2018","format":false,"excerpt":"Primer Torneo Provincial de Badminton \u00abPosadas 2018\u00bb Este torneo tiene como objetivo integrar e interactuar con jugadores de toda la provincia, como tambi\u00e9n del Paraguay. Persiguiendo este objetivo, organizamos una jornada de juego intenso, durante la cual se priorizar\u00e1 la camader\u00eda y la diversi\u00f3n. Primer Aclaraci\u00f3n: es importante comunicar que\u2026","rel":"","context":"Entrada similar ","img":{"alt_text":"","src":"https:\/\/i0.wp.com\/badpeople.esy.es\/wp-content\/uploads\/2018\/07\/cabecera-torneo1_Mesa-de-trabajo-1_Mesa-de-trabajo-1.jpg?fit=1200%2C280&ssl=1&resize=350%2C200","width":350,"height":200},"classes":[]}],"_links":{"self":[{"href":"https:\/\/badpeople.esy.es\/index.php\/wp-json\/wp\/v2\/pages\/161"}],"collection":[{"href":"https:\/\/badpeople.esy.es\/index.php\/wp-json\/wp\/v2\/pages"}],"about":[{"href":"https:\/\/badpeople.esy.es\/index.php\/wp-json\/wp\/v2\/types\/page"}],"author":[{"embeddable":true,"href":"https:\/\/badpeople.esy.es\/index.php\/wp-json\/wp\/v2\/users\/1"}],"replies":[{"embeddable":true,"href":"https:\/\/badpeople.esy.es\/index.php\/wp-json\/wp\/v2\/comments?post=161"}],"version-history":[{"count":4,"href":"https:\/\/badpeople.esy.es\/index.php\/wp-json\/wp\/v2\/pages\/161\/revisions"}],"predecessor-version":[{"id":174,"href":"https:\/\/badpeople.esy.es\/index.php\/wp-json\/wp\/v2\/pages\/161\/revisions\/174"}],"wp:attachment":[{"href":"https:\/\/badpeople.esy.es\/index.php\/wp-json\/wp\/v2\/media?parent=161"}],"curies":[{"name":"wp","href":"https:\/\/api.w.org\/{rel}","templated":true}]}}