{"id":2,"date":"2018-07-03T15:04:16","date_gmt":"2018-07-03T18:04:16","guid":{"rendered":"http:\/\/badpeople.esy.es\/?page_id=2"},"modified":"2018-08-04T08:42:19","modified_gmt":"2018-08-04T11:42:19","slug":"pagina-ejemplo","status":"publish","type":"page","link":"https:\/\/badpeople.esy.es\/index.php\/pagina-ejemplo\/","title":{"rendered":""},"content":{"rendered":"<h3>Primer Torneo Provincial de Badminton \u00abPosadas 2018\u00bb<\/h3>\n<p>Este torneo tiene como objetivo integrar e interactuar con jugadores de toda la provincia, como tambi\u00e9n del Paraguay. Persiguiendo este objetivo, organizamos una jornada de juego intenso, durante la cual se priorizar\u00e1 la camader\u00eda y la diversi\u00f3n.<\/p>\n<p><span style=\"color: #008db0;\"><strong>Primer Aclaraci\u00f3n:<\/strong><\/span> es importante comunicar que este torneo\u00a0<strong>no otorga puntos<\/strong>\u00a0para el<em>\u00a0Ranking FEBARA<\/em>. Queremos que todos participen<\/p>\n<p>Es nuestro Primer Torneo. Luego de esta experiencia, es posible que intentemos federarnos para el pr\u00f3ximo a\u00f1o.<\/p>\n<p><span style=\"color: #008db0;\"><strong>Segunda Aclaraci\u00f3n:<\/strong><\/span>\u00a0buscamos que todos tengan garantizado jugar varios partidos, por ello no ser\u00e1 por simple eliminaci\u00f3n.<br \/>\nEl d\u00eda 30 de Julio se notificar\u00e1 la modalidad, y seg\u00fan el volumen de inscriptos, ser\u00e1 la cantidad de grupos (todos contra todos), partidos y forma de clasificaci\u00f3n a las rondas finales. De haber muchos jugadores, y por ende m\u00e1s partidos, es posible que realicemos encuentros a 21 puntos.<\/p>\n<h4><strong>Fecha y Lugar<\/strong><\/h4>\n<p>Domingo 5 de Agosto de 8 a 20 hs en la Subsecretar\u00eda de Deporte Social Barrial ubicada en C\u00f3rdoba 2300, Posadas Misiones.<\/p>\n<h4><strong>Modalidades<\/strong><\/h4>\n<p>Single Masculino, Single Femenino, Dobles Masculinos, Sobles Femenino y Dobles Mixtos. Solo Mayores de edad. Categor\u00eda Libre.<\/p>\n<h4><strong>Hospedaje<\/strong><\/h4>\n<p>La Subsecretaria de Deporte Social Barrial ubicada en C\u00f3rdoba 2300, nos proporciona dos habitaciones con camas cuchetas, en las cuales caben 12 personas (24 en total). Aquellos jugadores que deciden tomar esta opci\u00f3n totalmente gratuita, deber\u00e1n traer s\u00e1banas, toallas y acolchado. Las instalaciones para hospedarse estar\u00e1n disponibles a partir del d\u00eda s\u00e1bado 4 desde la tarde.<\/p>\n<p>&nbsp;<\/p>\n<p><strong>Contacto<\/strong><br \/>\n<a href=\"mailto:badpeopletorneo@gmail.com\">badpeopletorneo@gmail.com<\/a><\/p>\n<hr \/>\n<p>&nbsp;<\/p>\n<h3><span style=\"color: #808080;\">Con el apoyo de:<\/span><\/h3>\n<p><a href=\"http:\/\/www.deportes.misiones.gov.ar\/\"><img data-attachment-id=\"178\" data-permalink=\"https:\/\/badpeople.esy.es\/index.php\/pagina-ejemplo\/layout_set_logo\/\" data-orig-file=\"https:\/\/i1.wp.com\/badpeople.esy.es\/wp-content\/uploads\/2018\/07\/layout_set_logo.png?fit=576%2C67&amp;ssl=1\" data-orig-size=\"576,67\" data-comments-opened=\"1\" data-image-meta=\"{&quot;aperture&quot;:&quot;0&quot;,&quot;credit&quot;:&quot;&quot;,&quot;camera&quot;:&quot;&quot;,&quot;caption&quot;:&quot;&quot;,&quot;created_timestamp&quot;:&quot;0&quot;,&quot;copyright&quot;:&quot;&quot;,&quot;focal_length&quot;:&quot;0&quot;,&quot;iso&quot;:&quot;0&quot;,&quot;shutter_speed&quot;:&quot;0&quot;,&quot;title&quot;:&quot;&quot;,&quot;orientation&quot;:&quot;0&quot;}\" data-image-title=\"layout_set_logo\" data-image-description=\"\" data-medium-file=\"https:\/\/i1.wp.com\/badpeople.esy.es\/wp-content\/uploads\/2018\/07\/layout_set_logo.png?fit=300%2C35&amp;ssl=1\" data-large-file=\"https:\/\/i1.wp.com\/badpeople.esy.es\/wp-content\/uploads\/2018\/07\/layout_set_logo.png?fit=576%2C67&amp;ssl=1\" decoding=\"async\" loading=\"lazy\" class=\"alignnone wp-image-178\" src=\"https:\/\/i1.wp.com\/badpeople.esy.es\/wp-content\/uploads\/2018\/07\/layout_set_logo.png?resize=360%2C42\" alt=\"\" width=\"360\" height=\"42\" srcset=\"https:\/\/i1.wp.com\/badpeople.esy.es\/wp-content\/uploads\/2018\/07\/layout_set_logo.png?resize=300%2C35&amp;ssl=1 300w, https:\/\/i1.wp.com\/badpeople.esy.es\/wp-content\/uploads\/2018\/07\/layout_set_logo.png?w=576&amp;ssl=1 576w\" sizes=\"(max-width: 360px) 100vw, 360px\" data-recalc-dims=\"1\" \/><\/a>\u00a0 \u00a0<a href=\"https:\/\/salud.misiones.gob.ar\/\"><img data-attachment-id=\"179\" data-permalink=\"https:\/\/badpeople.esy.es\/index.php\/pagina-ejemplo\/misiones_t\/\" data-orig-file=\"https:\/\/i2.wp.com\/badpeople.esy.es\/wp-content\/uploads\/2018\/07\/misiones_t.png?fit=484%2C82&amp;ssl=1\" data-orig-size=\"484,82\" data-comments-opened=\"1\" data-image-meta=\"{&quot;aperture&quot;:&quot;0&quot;,&quot;credit&quot;:&quot;&quot;,&quot;camera&quot;:&quot;&quot;,&quot;caption&quot;:&quot;&quot;,&quot;created_timestamp&quot;:&quot;0&quot;,&quot;copyright&quot;:&quot;&quot;,&quot;focal_length&quot;:&quot;0&quot;,&quot;iso&quot;:&quot;0&quot;,&quot;shutter_speed&quot;:&quot;0&quot;,&quot;title&quot;:&quot;&quot;,&quot;orientation&quot;:&quot;0&quot;}\" data-image-title=\"misiones_t\" data-image-description=\"\" data-medium-file=\"https:\/\/i2.wp.com\/badpeople.esy.es\/wp-content\/uploads\/2018\/07\/misiones_t.png?fit=300%2C51&amp;ssl=1\" data-large-file=\"https:\/\/i2.wp.com\/badpeople.esy.es\/wp-content\/uploads\/2018\/07\/misiones_t.png?fit=484%2C82&amp;ssl=1\" decoding=\"async\" loading=\"lazy\" class=\"alignnone wp-image-179 size-medium\" src=\"https:\/\/i2.wp.com\/badpeople.esy.es\/wp-content\/uploads\/2018\/07\/misiones_t.png?resize=300%2C51\" alt=\"\" width=\"300\" height=\"51\" srcset=\"https:\/\/i2.wp.com\/badpeople.esy.es\/wp-content\/uploads\/2018\/07\/misiones_t.png?resize=300%2C51&amp;ssl=1 300w, https:\/\/i2.wp.com\/badpeople.esy.es\/wp-content\/uploads\/2018\/07\/misiones_t.png?w=484&amp;ssl=1 484w\" sizes=\"(max-width: 300px) 100vw, 300px\" data-recalc-dims=\"1\" \/><\/a><\/p>\n<p><a href=\"https:\/\/www.facebook.com\/delpueblo.visual\/?hc_ref=ARQeft2G_AD6XZVsog69XhuyZGgouE_XovVqGTKbZNvPQBF_fV2camamBZmX9HqAUBg&amp;fref=nf\" target=\"_blank\" rel=\"noopener\"><img data-attachment-id=\"183\" data-permalink=\"https:\/\/badpeople.esy.es\/index.php\/pagina-ejemplo\/delpueblo-web-02\/\" data-orig-file=\"https:\/\/i1.wp.com\/badpeople.esy.es\/wp-content\/uploads\/2018\/07\/delpueblo-web-02.jpg?fit=601%2C176&amp;ssl=1\" data-orig-size=\"601,176\" data-comments-opened=\"1\" data-image-meta=\"{&quot;aperture&quot;:&quot;0&quot;,&quot;credit&quot;:&quot;&quot;,&quot;camera&quot;:&quot;&quot;,&quot;caption&quot;:&quot;&quot;,&quot;created_timestamp&quot;:&quot;0&quot;,&quot;copyright&quot;:&quot;&quot;,&quot;focal_length&quot;:&quot;0&quot;,&quot;iso&quot;:&quot;0&quot;,&quot;shutter_speed&quot;:&quot;0&quot;,&quot;title&quot;:&quot;&quot;,&quot;orientation&quot;:&quot;0&quot;}\" data-image-title=\"delpueblo-web-02\" data-image-description=\"\" data-medium-file=\"https:\/\/i1.wp.com\/badpeople.esy.es\/wp-content\/uploads\/2018\/07\/delpueblo-web-02.jpg?fit=300%2C88&amp;ssl=1\" data-large-file=\"https:\/\/i1.wp.com\/badpeople.esy.es\/wp-content\/uploads\/2018\/07\/delpueblo-web-02.jpg?fit=601%2C176&amp;ssl=1\" decoding=\"async\" loading=\"lazy\" class=\" wp-image-183 alignleft\" src=\"https:\/\/i1.wp.com\/badpeople.esy.es\/wp-content\/uploads\/2018\/07\/delpueblo-web-02.jpg?resize=361%2C106\" alt=\"\" width=\"361\" height=\"106\" srcset=\"https:\/\/i1.wp.com\/badpeople.esy.es\/wp-content\/uploads\/2018\/07\/delpueblo-web-02.jpg?resize=300%2C88&amp;ssl=1 300w, https:\/\/i1.wp.com\/badpeople.esy.es\/wp-content\/uploads\/2018\/07\/delpueblo-web-02.jpg?resize=600%2C176&amp;ssl=1 600w, https:\/\/i1.wp.com\/badpeople.esy.es\/wp-content\/uploads\/2018\/07\/delpueblo-web-02.jpg?w=601&amp;ssl=1 601w\" sizes=\"(max-width: 361px) 100vw, 361px\" data-recalc-dims=\"1\" \/><\/a><\/p>\n<p>&nbsp;<\/p>\n","protected":false},"excerpt":{"rendered":"<p>Primer Torneo Provincial de Badminton \u00abPosadas 2018\u00bb Este torneo tiene como objetivo integrar e interactuar con jugadores de toda la provincia, como tambi\u00e9n del Paraguay. Persiguiendo este objetivo, organizamos una jornada de juego intenso, durante la cual se priorizar\u00e1 la camader\u00eda y la diversi\u00f3n. Primer Aclaraci\u00f3n: es importante comunicar que este torneo\u00a0no otorga puntos\u00a0para el\u00a0Ranking [&hellip;]<\/p>\n","protected":false},"author":1,"featured_media":114,"parent":0,"menu_order":0,"comment_status":"closed","ping_status":"open","template":"","meta":{"spay_email":"","footnotes":""},"jetpack_sharing_enabled":true,"jetpack_shortlink":"https:\/\/wp.me\/PaLQno-2","jetpack-related-posts":[{"id":267,"url":"https:\/\/badpeople.esy.es\/index.php\/inscripcion-al-encuentro\/","url_meta":{"origin":2,"position":0},"title":"Inscripci\u00f3n al encuentro","date":"3 marzo, 2019","format":false,"excerpt":"El encuentro de badminton del dia sabado 9 de marzo a las 14hs.,\u00a0 persigue contactar a los jugadores, saber la cantidad que existen en la zona y tener informaci\u00f3n de sus contactos. De esta forma ser\u00e1 m\u00e1s sencilla la organizaci\u00f3n de torneos y la correspondiente invitaci\u00f3n a los jugadores, interesados.\u2026","rel":"","context":"Entrada similar ","img":{"alt_text":"","src":"https:\/\/i0.wp.com\/badpeople.esy.es\/wp-content\/uploads\/2019\/03\/censo-cabecera-01-1.jpg?fit=1200%2C282&ssl=1&resize=350%2C200","width":350,"height":200},"classes":[]},{"id":101,"url":"https:\/\/badpeople.esy.es\/index.php\/101-2\/","url_meta":{"origin":2,"position":1},"title":"Somos un grupo de gente\u2026","date":"4 julio, 2018","format":false,"excerpt":"Somos un grupo de gente que practicamos esta disciplina, en su mayor\u00eda principiantes pero con mucho entusiasmo por este hermoso deporte. Lo Realizamos de forma gratuita en la Subsecretaria de Deporte Social Barrial ubicada en C\u00f3rdoba 2300 (Ex 69), Posadas, Misiones. El b\u00e1dminton es un deporte de raqueta en el\u2026","rel":"","context":"Entrada similar ","img":{"alt_text":"","src":"https:\/\/i1.wp.com\/badpeople.esy.es\/wp-content\/uploads\/2018\/07\/portada-web-01.jpg?fit=1200%2C281&ssl=1&resize=350%2C200","width":350,"height":200},"classes":[]},{"id":259,"url":"https:\/\/badpeople.esy.es\/index.php\/el-grupo\/","url_meta":{"origin":2,"position":2},"title":"El Grupo","date":"12 enero, 2019","format":false,"excerpt":"Somos un grupo de gente que practicamos esta disciplina, en su mayor\u00eda principiantes pero con mucho entusiasmo por este hermoso deporte. Lo Realizamos de forma gratuita en la Subsecretaria de Deporte Social Barrial ubicada en C\u00f3rdoba 2300 (Ex 69), Posadas, Misiones. El b\u00e1dminton es un deporte de raqueta en el\u2026","rel":"","context":"Entrada similar ","img":{"alt_text":"","src":"https:\/\/i2.wp.com\/badpeople.esy.es\/wp-content\/uploads\/2018\/07\/20989179_1796965876983584_6524409014370481313_o-300x169.jpg?resize=350%2C200","width":350,"height":200},"classes":[]}],"_links":{"self":[{"href":"https:\/\/badpeople.esy.es\/index.php\/wp-json\/wp\/v2\/pages\/2"}],"collection":[{"href":"https:\/\/badpeople.esy.es\/index.php\/wp-json\/wp\/v2\/pages"}],"about":[{"href":"https:\/\/badpeople.esy.es\/index.php\/wp-json\/wp\/v2\/types\/page"}],"author":[{"embeddable":true,"href":"https:\/\/badpeople.esy.es\/index.php\/wp-json\/wp\/v2\/users\/1"}],"replies":[{"embeddable":true,"href":"https:\/\/badpeople.esy.es\/index.php\/wp-json\/wp\/v2\/comments?post=2"}],"version-history":[{"count":25,"href":"https:\/\/badpeople.esy.es\/index.php\/wp-json\/wp\/v2\/pages\/2\/revisions"}],"predecessor-version":[{"id":207,"href":"https:\/\/badpeople.esy.es\/index.php\/wp-json\/wp\/v2\/pages\/2\/revisions\/207"}],"wp:featuredmedia":[{"embeddable":true,"href":"https:\/\/badpeople.esy.es\/index.php\/wp-json\/wp\/v2\/media\/114"}],"wp:attachment":[{"href":"https:\/\/badpeople.esy.es\/index.php\/wp-json\/wp\/v2\/media?parent=2"}],"curies":[{"name":"wp","href":"https:\/\/api.w.org\/{rel}","templated":true}]}}