{"id":310,"date":"2019-11-16T19:07:06","date_gmt":"2019-11-16T22:07:06","guid":{"rendered":"http:\/\/badpeople.esy.es\/?page_id=310"},"modified":"2019-11-16T19:35:29","modified_gmt":"2019-11-16T22:35:29","slug":"clinica","status":"publish","type":"page","link":"https:\/\/badpeople.esy.es\/index.php\/clinica\/","title":{"rendered":"<!--Cl\u00ednica-->"},"content":{"rendered":"<div role=\"form\" class=\"wpcf7\" id=\"wpcf7-f266-o1\" lang=\"es-AR\" dir=\"ltr\">\n<div class=\"screen-reader-response\" role=\"alert\" aria-live=\"polite\"><\/div>\n<form action=\"\/index.php\/wp-json\/wp\/v2\/pages\/310#wpcf7-f266-o1\" method=\"post\" class=\"wpcf7-form init\" novalidate=\"novalidate\">\n<div style=\"display: none;\">\n<input type=\"hidden\" name=\"_wpcf7\" value=\"266\" \/>\n<input type=\"hidden\" name=\"_wpcf7_version\" value=\"5.2.2\" \/>\n<input type=\"hidden\" name=\"_wpcf7_locale\" value=\"es_AR\" \/>\n<input type=\"hidden\" name=\"_wpcf7_unit_tag\" value=\"wpcf7-f266-o1\" \/>\n<input type=\"hidden\" name=\"_wpcf7_container_post\" value=\"0\" \/>\n<input type=\"hidden\" name=\"_wpcf7_posted_data_hash\" value=\"\" \/>\n<\/div>\n<p><label> Tu nombre (requerido)<br \/>\n    <span class=\"wpcf7-form-control-wrap your-name\"><input type=\"text\" name=\"your-name\" value=\"\" size=\"40\" class=\"wpcf7-form-control wpcf7-text wpcf7-validates-as-required\" aria-required=\"true\" aria-invalid=\"false\" \/><\/span> <\/label><\/p>\n<p><label> Tu correo electr\u00f3nico (requerido)<br \/>\n    <span class=\"wpcf7-form-control-wrap your-email\"><input type=\"email\" name=\"your-email\" value=\"\" size=\"40\" class=\"wpcf7-form-control wpcf7-text wpcf7-email wpcf7-validates-as-required wpcf7-validates-as-email\" aria-required=\"true\" aria-invalid=\"false\" \/><\/span> <\/label><\/p>\n<p><label> Tel\u00e9fono<br \/>\n    <span class=\"wpcf7-form-control-wrap your-tel\"><input type=\"tel\" name=\"your-tel\" value=\"\" size=\"40\" class=\"wpcf7-form-control wpcf7-text wpcf7-tel wpcf7-validates-as-tel\" aria-invalid=\"false\" \/><\/span> <\/label><\/p>\n<p><label> Asistir\u00e1 Ambos d\u00edas<br \/>\n<span class=\"wpcf7-form-control-wrap your-ghkdsjdf\"><select name=\"your-ghkdsjdf[]\" class=\"wpcf7-form-control wpcf7-select\" aria-invalid=\"false\" multiple=\"multiple\"><option value=\"NO\">NO<\/option><option value=\"SI\">SI<\/option><\/select><\/span><\/p>\n<p>  <\/label><\/p>\n<p><label> Tu mensaje<br \/>\n    <span class=\"wpcf7-form-control-wrap your-message\"><textarea name=\"your-message\" cols=\"40\" rows=\"10\" class=\"wpcf7-form-control wpcf7-textarea\" aria-invalid=\"false\"><\/textarea><\/span> <\/label><\/p>\n<p><input type=\"submit\" value=\"Enviar\" class=\"wpcf7-form-control wpcf7-submit\" \/><\/p>\n<div class=\"wpcf7-response-output\" role=\"alert\" aria-hidden=\"true\"><\/div><\/form><\/div>\n","protected":false},"excerpt":{"rendered":"","protected":false},"author":1,"featured_media":325,"parent":0,"menu_order":0,"comment_status":"closed","ping_status":"closed","template":"","meta":{"spay_email":"","footnotes":""},"jetpack_sharing_enabled":true,"jetpack_shortlink":"https:\/\/wp.me\/PaLQno-50","jetpack-related-posts":[{"id":267,"url":"https:\/\/badpeople.esy.es\/index.php\/inscripcion-al-encuentro\/","url_meta":{"origin":310,"position":0},"title":"Inscripci\u00f3n al encuentro","date":"3 marzo, 2019","format":false,"excerpt":"El encuentro de badminton del dia sabado 9 de marzo a las 14hs.,\u00a0 persigue contactar a los jugadores, saber la cantidad que existen en la zona y tener informaci\u00f3n de sus contactos. De esta forma ser\u00e1 m\u00e1s sencilla la organizaci\u00f3n de torneos y la correspondiente invitaci\u00f3n a los jugadores, interesados.\u2026","rel":"","context":"Entrada similar ","img":{"alt_text":"","src":"https:\/\/i0.wp.com\/badpeople.esy.es\/wp-content\/uploads\/2019\/03\/censo-cabecera-01-1.jpg?fit=1200%2C282&ssl=1&resize=350%2C200","width":350,"height":200},"classes":[]},{"id":161,"url":"https:\/\/badpeople.esy.es\/index.php\/contacto\/","url_meta":{"origin":310,"position":1},"title":"Contacto","date":"9 julio, 2018","format":false,"excerpt":"","rel":"","context":"Entrada similar ","img":{"alt_text":"","src":"","width":0,"height":0},"classes":[]},{"id":2,"url":"https:\/\/badpeople.esy.es\/index.php\/pagina-ejemplo\/","url_meta":{"origin":310,"position":2},"title":"Primer Torneo Provincial de Badminton\u2026","date":"3 julio, 2018","format":false,"excerpt":"Primer Torneo Provincial de Badminton \u00abPosadas 2018\u00bb Este torneo tiene como objetivo integrar e interactuar con jugadores de toda la provincia, como tambi\u00e9n del Paraguay. Persiguiendo este objetivo, organizamos una jornada de juego intenso, durante la cual se priorizar\u00e1 la camader\u00eda y la diversi\u00f3n. Primer Aclaraci\u00f3n: es importante comunicar que\u2026","rel":"","context":"Entrada similar ","img":{"alt_text":"","src":"https:\/\/i0.wp.com\/badpeople.esy.es\/wp-content\/uploads\/2018\/07\/cabecera-torneo1_Mesa-de-trabajo-1_Mesa-de-trabajo-1.jpg?fit=1200%2C280&ssl=1&resize=350%2C200","width":350,"height":200},"classes":[]},{"id":101,"url":"https:\/\/badpeople.esy.es\/index.php\/101-2\/","url_meta":{"origin":310,"position":3},"title":"Somos un grupo de gente\u2026","date":"4 julio, 2018","format":false,"excerpt":"Somos un grupo de gente que practicamos esta disciplina, en su mayor\u00eda principiantes pero con mucho entusiasmo por este hermoso deporte. Lo Realizamos de forma gratuita en la Subsecretaria de Deporte Social Barrial ubicada en C\u00f3rdoba 2300 (Ex 69), Posadas, Misiones. El b\u00e1dminton es un deporte de raqueta en el\u2026","rel":"","context":"Entrada similar ","img":{"alt_text":"","src":"https:\/\/i1.wp.com\/badpeople.esy.es\/wp-content\/uploads\/2018\/07\/portada-web-01.jpg?fit=1200%2C281&ssl=1&resize=350%2C200","width":350,"height":200},"classes":[]},{"id":259,"url":"https:\/\/badpeople.esy.es\/index.php\/el-grupo\/","url_meta":{"origin":310,"position":4},"title":"El Grupo","date":"12 enero, 2019","format":false,"excerpt":"Somos un grupo de gente que practicamos esta disciplina, en su mayor\u00eda principiantes pero con mucho entusiasmo por este hermoso deporte. Lo Realizamos de forma gratuita en la Subsecretaria de Deporte Social Barrial ubicada en C\u00f3rdoba 2300 (Ex 69), Posadas, Misiones. El b\u00e1dminton es un deporte de raqueta en el\u2026","rel":"","context":"Entrada similar ","img":{"alt_text":"","src":"https:\/\/i2.wp.com\/badpeople.esy.es\/wp-content\/uploads\/2018\/07\/20989179_1796965876983584_6524409014370481313_o-300x169.jpg?resize=350%2C200","width":350,"height":200},"classes":[]}],"_links":{"self":[{"href":"https:\/\/badpeople.esy.es\/index.php\/wp-json\/wp\/v2\/pages\/310"}],"collection":[{"href":"https:\/\/badpeople.esy.es\/index.php\/wp-json\/wp\/v2\/pages"}],"about":[{"href":"https:\/\/badpeople.esy.es\/index.php\/wp-json\/wp\/v2\/types\/page"}],"author":[{"embeddable":true,"href":"https:\/\/badpeople.esy.es\/index.php\/wp-json\/wp\/v2\/users\/1"}],"replies":[{"embeddable":true,"href":"https:\/\/badpeople.esy.es\/index.php\/wp-json\/wp\/v2\/comments?post=310"}],"version-history":[{"count":3,"href":"https:\/\/badpeople.esy.es\/index.php\/wp-json\/wp\/v2\/pages\/310\/revisions"}],"predecessor-version":[{"id":324,"href":"https:\/\/badpeople.esy.es\/index.php\/wp-json\/wp\/v2\/pages\/310\/revisions\/324"}],"wp:featuredmedia":[{"embeddable":true,"href":"https:\/\/badpeople.esy.es\/index.php\/wp-json\/wp\/v2\/media\/325"}],"wp:attachment":[{"href":"https:\/\/badpeople.esy.es\/index.php\/wp-json\/wp\/v2\/media?parent=310"}],"curies":[{"name":"wp","href":"https:\/\/api.w.org\/{rel}","templated":true}]}}