{"id":131,"date":"2018-07-04T21:39:24","date_gmt":"2018-07-05T00:39:24","guid":{"rendered":"http:\/\/badpeople.esy.es\/?post_type=product&#038;p=131"},"modified":"2018-08-10T09:49:22","modified_gmt":"2018-08-10T12:49:22","slug":"promocion-single-dobles-copy","status":"publish","type":"product","link":"https:\/\/badpeople.esy.es\/index.php\/product\/promocion-single-dobles-copy\/","title":{"rendered":"Promoci\u00f3n Single + Dobles"},"content":{"rendered":"","protected":false},"excerpt":{"rendered":"<p>Con las inscripci\u00f3n de dos modalidades se obtiene un descuento promocional. La inscripci\u00f3n b\u00e1sica es de $250. Pero si un jugador se inscribe en dos modalidades (Ej.: Singles y Dobles), solo abonar\u00e1 #350 teniendo un descuento de $150.<\/p>\n","protected":false},"featured_media":129,"template":"","meta":{"spay_email":"","jetpack_publicize_message":""},"jetpack_publicize_connections":[],"jetpack_sharing_enabled":true,"jetpack-related-posts":[],"_links":{"self":[{"href":"https:\/\/badpeople.esy.es\/index.php\/wp-json\/wp\/v2\/product\/131"}],"collection":[{"href":"https:\/\/badpeople.esy.es\/index.php\/wp-json\/wp\/v2\/product"}],"about":[{"href":"https:\/\/badpeople.esy.es\/index.php\/wp-json\/wp\/v2\/types\/product"}],"wp:featuredmedia":[{"embeddable":true,"href":"https:\/\/badpeople.esy.es\/index.php\/wp-json\/wp\/v2\/media\/129"}],"wp:attachment":[{"href":"https:\/\/badpeople.esy.es\/index.php\/wp-json\/wp\/v2\/media?parent=131"}],"curies":[{"name":"wp","href":"https:\/\/api.w.org\/{rel}","templated":true}]}}