{"id":134,"date":"2018-07-04T21:40:34","date_gmt":"2018-07-05T00:40:34","guid":{"rendered":"http:\/\/badpeople.esy.es\/?post_type=product&#038;p=134"},"modified":"2018-08-10T09:48:36","modified_gmt":"2018-08-10T12:48:36","slug":"dobles-masculino-copy","status":"publish","type":"product","link":"https:\/\/badpeople.esy.es\/index.php\/product\/dobles-masculino-copy\/","title":{"rendered":"Dobles Masculino"},"content":{"rendered":"","protected":false},"excerpt":{"rendered":"<p>El costo de inscripci\u00f3n por cada jugador es de $250 ($500 la Pareja). Con ello se garantiza la participaci\u00f3n de varios partidos de la modalidad Dobles Masculino, Categor\u00eda Libre, Mayores de Edad.<\/p>\n","protected":false},"featured_media":84,"template":"","meta":{"spay_email":"","jetpack_publicize_message":""},"jetpack_publicize_connections":[],"jetpack_sharing_enabled":true,"jetpack-related-posts":[],"_links":{"self":[{"href":"https:\/\/badpeople.esy.es\/index.php\/wp-json\/wp\/v2\/product\/134"}],"collection":[{"href":"https:\/\/badpeople.esy.es\/index.php\/wp-json\/wp\/v2\/product"}],"about":[{"href":"https:\/\/badpeople.esy.es\/index.php\/wp-json\/wp\/v2\/types\/product"}],"wp:featuredmedia":[{"embeddable":true,"href":"https:\/\/badpeople.esy.es\/index.php\/wp-json\/wp\/v2\/media\/84"}],"wp:attachment":[{"href":"https:\/\/badpeople.esy.es\/index.php\/wp-json\/wp\/v2\/media?parent=134"}],"curies":[{"name":"wp","href":"https:\/\/api.w.org\/{rel}","templated":true}]}}