{"id":135,"date":"2018-07-04T21:40:53","date_gmt":"2018-07-05T00:40:53","guid":{"rendered":"http:\/\/badpeople.esy.es\/?post_type=product&#038;p=135"},"modified":"2018-08-10T09:48:22","modified_gmt":"2018-08-10T12:48:22","slug":"single-femenino-copy","status":"publish","type":"product","link":"https:\/\/badpeople.esy.es\/index.php\/product\/single-femenino-copy\/","title":{"rendered":"Single Femenino"},"content":{"rendered":"","protected":false},"excerpt":{"rendered":"<p>El costo de inscripci\u00f3n por cada jugadora es de $250. Con ello se garantiza la participaci\u00f3n de varios partidos de la modalidad Single, Categor\u00eda Libre, Mayores de Edad.<\/p>\n","protected":false},"featured_media":82,"template":"","meta":{"spay_email":"","jetpack_publicize_message":""},"jetpack_publicize_connections":[],"jetpack_sharing_enabled":true,"jetpack-related-posts":[],"_links":{"self":[{"href":"https:\/\/badpeople.esy.es\/index.php\/wp-json\/wp\/v2\/product\/135"}],"collection":[{"href":"https:\/\/badpeople.esy.es\/index.php\/wp-json\/wp\/v2\/product"}],"about":[{"href":"https:\/\/badpeople.esy.es\/index.php\/wp-json\/wp\/v2\/types\/product"}],"wp:featuredmedia":[{"embeddable":true,"href":"https:\/\/badpeople.esy.es\/index.php\/wp-json\/wp\/v2\/media\/82"}],"wp:attachment":[{"href":"https:\/\/badpeople.esy.es\/index.php\/wp-json\/wp\/v2\/media?parent=135"}],"curies":[{"name":"wp","href":"https:\/\/api.w.org\/{rel}","templated":true}]}}