{"id":136,"date":"2018-07-04T21:41:14","date_gmt":"2018-07-05T00:41:14","guid":{"rendered":"http:\/\/badpeople.esy.es\/?post_type=product&#038;p=136"},"modified":"2019-05-14T12:09:50","modified_gmt":"2019-05-14T15:09:50","slug":"single-masculino-copy","status":"publish","type":"product","link":"https:\/\/badpeople.esy.es\/index.php\/product\/single-masculino-copy\/","title":{"rendered":"Single Masculino"},"content":{"rendered":"","protected":false},"excerpt":{"rendered":"<p>El costo de inscripci\u00f3n por cada jugador es de $250. Con ello se garantiza la participaci\u00f3n de varios partidos de la modalidad Single, Categor\u00eda Libre Mayores de Edad.<\/p>\n","protected":false},"featured_media":80,"template":"","meta":{"spay_email":"","jetpack_publicize_message":""},"jetpack_publicize_connections":[],"jetpack_sharing_enabled":true,"jetpack-related-posts":[],"_links":{"self":[{"href":"https:\/\/badpeople.esy.es\/index.php\/wp-json\/wp\/v2\/product\/136"}],"collection":[{"href":"https:\/\/badpeople.esy.es\/index.php\/wp-json\/wp\/v2\/product"}],"about":[{"href":"https:\/\/badpeople.esy.es\/index.php\/wp-json\/wp\/v2\/types\/product"}],"wp:featuredmedia":[{"embeddable":true,"href":"https:\/\/badpeople.esy.es\/index.php\/wp-json\/wp\/v2\/media\/80"}],"wp:attachment":[{"href":"https:\/\/badpeople.esy.es\/index.php\/wp-json\/wp\/v2\/media?parent=136"}],"curies":[{"name":"wp","href":"https:\/\/api.w.org\/{rel}","templated":true}]}}